{"id":40,"date":"2021-01-13T08:07:28","date_gmt":"2021-01-13T08:07:28","guid":{"rendered":"http:\/\/nsprlaw.flywheelsites.com\/?page_id=40"},"modified":"2021-08-17T14:25:11","modified_gmt":"2021-08-17T18:25:11","slug":"medical-malpractice","status":"publish","type":"page","link":"https:\/\/nsprlaw.com\/es\/medical-malpractice\/","title":{"rendered":"Negligencia m\u00e9dica"},"content":{"rendered":"<section class=\"section dark\" id=\"section_206349815\">\n\t\t<div class=\"section-bg fill\" >\n\t\t\t<img loading=\"lazy\" decoding=\"async\" width=\"2560\" height=\"1707\" src=\"https:\/\/nsprlaw.com\/wp-content\/uploads\/2021\/05\/Med-Mal-focused-scaled.jpeg\" class=\"bg attachment- size-\" alt=\"\" \/>\t\t\t\t\t\t<div class=\"section-bg-overlay absolute fill\"><\/div>\n\t\t\t\n\n\t\t<\/div>\n\n\t\t\n\n\t\t<div class=\"section-content relative\">\n\t\t\t\n\n<div class=\"row row-collapse\"  id=\"row-1395045466\">\n\n\n\t<div id=\"col-324836127\" class=\"col medium-9 small-12 large-9\"  >\n\t\t\t\t<div class=\"col-inner\" style=\"background-color:rgba(0, 42, 92, 0.599);\" >\n\t\t\t\n\t\t\t\n\n\t<div id=\"gap-1271925329\" class=\"gap-element clearfix\" style=\"display:block; height:auto;\">\n\t\t\n<style>\n#gap-1271925329 {\n  padding-top: 115px;\n}\n<\/style>\n\t<\/div>\n\t\n\n\t<div id=\"text-568155979\" class=\"text\">\n\t\t\n\n<h1>Negligencia m\u00e9dica<\/h1>\n\t\t\n<style>\n#text-568155979 {\n  font-size: 1.25rem;\n}\n@media (min-width:550px) {\n  #text-568155979 {\n    font-size: 1.5rem;\n  }\n}\n<\/style>\n\t<\/div>\n\t\n<div class=\"is-divider divider clearfix\" style=\"margin-top:25px;margin-bottom:25px;max-width:100px;background-color:rgb(255, 255, 255);\"><\/div>\n\n<p>A <span class=\"s2\">Ley NSPR<\/span>, somos igualmente agresivos cuando se trata de proteger sus derechos. Los abogados caros de las grandes compa\u00f1\u00edas de seguros y hospitales no nos intimidan. Estos abogados podr\u00edan igualar nuestros recursos, pero su dedicaci\u00f3n a las ganancias no puede igualar nuestra dedicaci\u00f3n a las v\u00edctimas. Esta pasi\u00f3n nos da una ventaja, tanto durante las audiencias judiciales como durante las negociaciones de acuerdos previos al juicio.<\/p>\n\t<div id=\"gap-1619478723\" class=\"gap-element clearfix\" style=\"display:block; height:auto;\">\n\t\t\n<style>\n#gap-1619478723 {\n  padding-top: 115px;\n}\n<\/style>\n\t<\/div>\n\t\n\n\n\t\t<\/div>\n\t\t\t\t\n<style>\n#col-324836127 > .col-inner {\n  padding: 30px 30px 30px 30px;\n}\n<\/style>\n\t<\/div>\n\n\t\n\n<\/div>\n\n\t\t<\/div>\n\n\t\t\n<style>\n#section_206349815 {\n  padding-top: 0px;\n  padding-bottom: 0px;\n  min-height: 500px;\n}\n#section_206349815 .section-bg-overlay {\n  background-color: rgba(0, 0, 0, 0.33);\n}\n#section_206349815 .section-bg img {\n  object-position: 73% 83%;\n}\n@media (min-width:550px) {\n  #section_206349815 {\n    min-height: 500px;\n  }\n}\n@media (min-width:850px) {\n  #section_206349815 .section-bg-overlay {\n    background-color: rgba(0, 0, 0, 0.25);\n  }\n}\n<\/style>\n\t<\/section>\n\t\n\n\t<section class=\"section\" id=\"section_1483897455\">\n\t\t<div class=\"section-bg fill\" >\n\t\t\t\t\t\t\t\t\t\n\t\t\t\n\n\t\t<\/div>\n\n\t\t\n\n\t\t<div class=\"section-content relative\">\n\t\t\t\n\n\t<div id=\"gap-164194710\" class=\"gap-element clearfix\" style=\"display:block; height:auto;\">\n\t\t\n<style>\n#gap-164194710 {\n  padding-top: 30px;\n}\n<\/style>\n\t<\/div>\n\t\n\n<div class=\"row align-middle\"  id=\"row-2029001950\">\n\n\n\t<div id=\"col-1016733881\" class=\"col medium-6 small-12 large-6\"  >\n\t\t\t\t<div class=\"col-inner\"  >\n\t\t\t\n\t\t\t\n\n\t<div id=\"text-1599169999\" class=\"text\">\n\t\t\n\n<h2><span data-text-color=\"secondary\"> Abogados diligentes de negligencia m\u00e9dica <\/span><\/h2>\n<p>Al igual que las personas cuentan con dispositivos m\u00e9dicos sofisticados para hacer la vida m\u00e1s llevadera, las personas cuentan con los m\u00e9dicos para que las mantengan saludables. Dado que los pacientes dependen completamente de sus m\u00e9dicos en esta \u00e1rea, el nivel legal de atenci\u00f3n es muy alto. Desafortunadamente, muchos m\u00e9dicos traicionan esta sagrada confianza, generalmente para hacer que sus pr\u00e1cticas m\u00e9dicas sean m\u00e1s rentables. Si una lesi\u00f3n por negligencia m\u00e9dica ha afectado a su familia, necesita ayuda legal r\u00e1pida y decisiva, porque el m\u00e9dico y la compa\u00f1\u00eda de seguros tienen hordas de abogados que velan por sus intereses.<\/p>\n\t\t\n<style>\n#text-1599169999 {\n  text-align: left;\n}\n<\/style>\n\t<\/div>\n\t\n<a href=\"\/contact-us\" class=\"button primary\" style=\"border-radius:99px;\">\n\t\t<span>Cont\u00e1ctenos<\/span>\n\t<\/a>\n\n\n\n\t\t<\/div>\n\t\t\t\t\t<\/div>\n\n\t\n\n\t<div id=\"col-6873709\" class=\"col medium-6 small-12 large-6\"  >\n\t\t\t\t<div class=\"col-inner\"  >\n\t\t\t\n\t\t\t\n\n\t<div class=\"img has-hover icon-bg-right x md-x lg-x y md-y lg-y\" id=\"image_980021173\">\n\t\t\t\t\t\t\t\t<div class=\"img-inner dark\" >\n\t\t\t<img loading=\"lazy\" decoding=\"async\" width=\"1080\" height=\"1080\" src=\"https:\/\/nsprlaw.com\/wp-content\/uploads\/2021\/01\/nsprlaw-symbol.svg\" class=\"attachment-large size-large\" alt=\"\" \/>\t\t\t\t\t\t\n\t\t\t\t\t<\/div>\n\t\t\t\t\t\t\t\t\n<style>\n#image_980021173 {\n  width: 100%;\n}\n<\/style>\n\t<\/div>\n\t\n\n\n  <div class=\"banner has-hover circle has-parallax\" id=\"banner-754753468\">\n          <div class=\"banner-inner fill\">\n        <div class=\"banner-bg fill\" data-parallax=\"-1\" data-parallax-container=\".banner\" data-parallax-background>\n            <img loading=\"lazy\" decoding=\"async\" width=\"1080\" height=\"720\" src=\"https:\/\/nsprlaw.com\/wp-content\/uploads\/2021\/05\/AdobeStock_227416171.jpg\" class=\"bg attachment-original size-original\" alt=\"\" \/>                                    \n                    <\/div>\n\t\t\n        <div class=\"banner-layers container\">\n            <div class=\"fill banner-link\"><\/div>            \n\n\n        <\/div>\n      <\/div>\n\n            \n<style>\n#banner-754753468 {\n  padding-top: 99.99%;\n  background-color: rgb(255,255,255);\n}\n#banner-754753468 .banner-bg img {\n  object-position: 47% 48%;\n}\n@media (min-width:550px) {\n  #banner-754753468 {\n    padding-top: 99.99%;\n  }\n}\n<\/style>\n  <\/div>\n\n\n\n\t\t<\/div>\n\t\t\t\t\t<\/div>\n\n\t\n\n<\/div>\n\n\t\t<\/div>\n\n\t\t\n<style>\n#section_1483897455 {\n  padding-top: 60px;\n  padding-bottom: 60px;\n}\n<\/style>\n\t<\/section>\n\t\n\n\t<section class=\"section\" id=\"section_1978792591\">\n\t\t<div class=\"section-bg fill\" >\n\t\t\t\t\t\t\t\t\t\n\t\t\t\n\n\t\t<\/div>\n\n\t\t\n\n\t\t<div class=\"section-content relative\">\n\t\t\t\n\n<div class=\"row row-large row-divided\"  id=\"row-123601641\">\n\n\n\t<div id=\"col-860992161\" class=\"col medium-3 small-12 large-3\"  >\n\t\t\t\t<div class=\"col-inner\"  >\n\t\t\t\n\t\t\t\n\n<h5 class=\"uppercase\"><span data-text-color=\"secondary\">Areas de pr\u00e1ctica<\/span><\/h5>\n\t<div id=\"stack-646599873\" class=\"stack stack-col justify-start items-start\">\n\t\t\n\n<a href=\"\/practice-areas\/class-actions-commercial-litigation\/\" class=\"button success is-link lowercase\" >\n\t\t<span>Acciones de Clase \/<br>Litigio comercial<\/span>\n\t<\/a>\n\n\n<a href=\"\/practice-areas\/environmental-contamination\/\" class=\"button success is-link lowercase\" >\n\t\t<span>Ambiental<br>Contaminaci\u00f3n<\/span>\n\t<\/a>\n\n\n<a href=\"\/practice-areas\/medical-malpractice\/\" class=\"button success is-link lowercase\" >\n\t\t<span>Negligencia m\u00e9dica<\/span>\n\t<\/a>\n\n\n<a href=\"\/practice-areas\/personal-injury\/\" class=\"button success is-link lowercase\" >\n\t\t<span>Lesiones Personales<\/span>\n\t<\/a>\n\n\n<a href=\"\/practice-areas\/pharmaceutical\/\" class=\"button success is-link lowercase\" >\n\t\t<span>Farmac\u00e9utico<\/span>\n\t<\/a>\n\n\n\n\t\t\n<style>\n#stack-646599873 > * {\n  --stack-gap: 0rem;\n}\n<\/style>\n\t<\/div>\n\t\n\n\n\t\t<\/div>\n\t\t\t\t\t<\/div>\n\n\t\n\n\t<div id=\"col-984858617\" class=\"col medium-9 small-12 large-9\"  >\n\t\t\t\t<div class=\"col-inner\"  >\n\t\t\t\n\t\t\t\n\n<h4 class=\"p1 uppercase\"><span class=\"s1\" data-text-color=\"secondary\">Diagn\u00f3stico err\u00f3neo<\/span><\/h4>\n<p class=\"p1\"><span class=\"s1\">La falta de informaci\u00f3n suele ser la causa de un diagn\u00f3stico err\u00f3neo. Los m\u00e9dicos no logran diagnosticar correctamente alrededor de una quinta parte de sus pacientes. Durante las consultas, los m\u00e9dicos rara vez escuchan a sus pacientes discutir sus s\u00edntomas por m\u00e1s de unos segundos. Luego, a menudo no realizan una serie completa de pruebas, principalmente porque temen que la compa\u00f1\u00eda de seguros se niegue a pagarlas. Esta falta de informaci\u00f3n es especialmente grave con respecto a:<\/span><\/p>\n<ul class=\"ul1\">\n<li class=\"li2\"><span class=\"s1\"><b>C\u00e1ncer<\/b>: La mayor\u00eda de los m\u00e9dicos creen que el c\u00e1ncer es un estilo de vida o una enfermedad gen\u00e9tica. Entonces, a menos que el paciente se comporte de cierta manera (piense en fumar y c\u00e1ncer de pulm\u00f3n) o tenga antecedentes familiares inconfundibles, la mayor\u00eda de los m\u00e9dicos nunca consideran el c\u00e1ncer como una posibilidad.<\/span><\/li>\n<li class=\"li2\"><span class=\"s1\"><b>Heridas en la cabeza<\/b>: Muchas de estas v\u00edctimas no sufren los s\u00edntomas caracter\u00edsticos, como p\u00e9rdida del conocimiento y v\u00f3mitos. Por lo tanto, muchos m\u00e9dicos diagnostican las lesiones en la cabeza relacionadas con lesiones como shock del accidente. Como resultado, sus condiciones se deterioran.<\/span><\/li>\n<li class=\"li1\"><span class=\"s1\"><b>Condiciones cardiovasculares<\/b>: Estas condiciones combinan los problemas mencionados anteriormente. Muchos pacientes no experimentan s\u00edntomas caracter\u00edsticos. Algunas mujeres v\u00edctimas de un ataque al coraz\u00f3n no tienen dolores de pecho severos. Y la mayor\u00eda de los m\u00e9dicos solo asocian las enfermedades cardiovasculares con ciertos estilos de vida y perfiles gen\u00e9ticos.<\/span><\/li>\n<\/ul>\n<p class=\"p1\"><span class=\"s1\">Las tasas de supervivencia y remisi\u00f3n del c\u00e1ncer y otras enfermedades cr\u00f3nicas graves han mejorado significativamente desde la d\u00e9cada de 1990. Pero estas mejoras suponen que los m\u00e9dicos diagnostican a los pacientes de manera r\u00e1pida y adecuada. De lo contrario, los m\u00e9dicos deben jugar desde atr\u00e1s.<\/span><\/p>\n<h4 class=\"p1 uppercase\"><span class=\"s1\" data-text-color=\"secondary\">Errores m\u00e9dicos<\/span><\/h4>\n<p class=\"p1\"><span class=\"s1\">Es dif\u00edcil creer que m\u00e9dicos expertos cometan errores tr\u00e1gicos durante los procedimientos quir\u00fargicos. Pero tales errores no son infrecuentes. Quiz\u00e1s lo m\u00e1s lamentable es que estos errores son bastante f\u00e1ciles de prevenir. Por ejemplo, una verificaci\u00f3n r\u00e1pida de gr\u00e1ficos detiene los procedimientos quir\u00fargicos incorrectos. Pero en los quir\u00f3fanos ocupados, algunos m\u00e9dicos se niegan a tomar precauciones tan b\u00e1sicas.<\/span><\/p>\n<p class=\"p1\"><span class=\"s1\">Los errores m\u00e9dicos tambi\u00e9n ocurren durante el trabajo de parto y el parto. Si el beb\u00e9 no se desliza por el canal de parto de la madre, muchos m\u00e9dicos recurren a intervenciones m\u00e9dicas riesgosas, como f\u00f3rceps y extractores de vac\u00edo. Estas intervenciones podr\u00edan da\u00f1ar permanentemente tanto a las madres como a los beb\u00e9s.<\/span><\/p>\n<p class=\"p1\"><span class=\"s1\">Los errores m\u00e9dicos a menudo causan lesiones graves. Para una consulta gratuita con un <a href=\"\/contact-us\/\"><span class=\"s2\">abogado con experiencia en lesiones personales<\/span><\/a>, comun\u00edquese con NSPR Law Services, LLC. Nuestra presencia local hace una gran diferencia en su reclamo por lesiones en los Estados Unidos.<\/span><\/p>\n\n\t\t<\/div>\n\t\t\t\t\t<\/div>\n\n\t\n\n<\/div>\n\n\t\t<\/div>\n\n\t\t\n<style>\n#section_1978792591 {\n  padding-top: 22px;\n  padding-bottom: 22px;\n  background-color: rgb(247, 247, 247);\n}\n@media (min-width:550px) {\n  #section_1978792591 {\n    padding-top: 71px;\n    padding-bottom: 71px;\n  }\n}\n<\/style>\n\t<\/section>\n\t\n\n\t<section class=\"section\" id=\"section_674096768\">\n\t\t<div class=\"section-bg fill\" >\n\t\t\t<img loading=\"lazy\" decoding=\"async\" width=\"2500\" height=\"1667\" src=\"https:\/\/nsprlaw.com\/wp-content\/uploads\/2021\/01\/421A0238_resize.jpg\" class=\"bg attachment- size-\" alt=\"\" \/>\t\t\t\t\t\t<div class=\"section-bg-overlay absolute fill\"><\/div>\n\t\t\t\n\n\t\t<\/div>\n\n\t\t\n\n\t\t<div class=\"section-content relative\">\n\t\t\t\n\n<div class=\"row align-center\"  id=\"row-1753971617\">\n\n\n\t<div id=\"col-742677446\" class=\"col medium-8 small-12 large-8\"  >\n\t\t\t\t<div class=\"col-inner text-center dark\"  >\n\t\t\t\n\t\t\t\n\n\t<div id=\"gap-1221934632\" class=\"gap-element clearfix\" style=\"display:block; height:auto;\">\n\t\t\n<style>\n#gap-1221934632 {\n  padding-top: 30px;\n}\n<\/style>\n\t<\/div>\n\t\n\n<h1 class=\"uppercase\"><strong>Ponerse en contacto<\/strong><\/h1>\n<p><span style=\"font-size: 90%;\">En NSPR Law, nuestro objetivo es ayudarlo en su momento de necesidad y estar all\u00ed para usted en cada paso del camino. Comun\u00edquese hoy para averiguar c\u00f3mo podemos ayudar.<\/span><\/p>\n<div class=\"is-divider divider clearfix\" style=\"max-width:83px;\"><\/div>\n\n<a href=\"\/contact-us\" class=\"button primary\" style=\"border-radius:99px;\">\n\t\t<span>Cont\u00e1ctenos<\/span>\n\t<\/a>\n\n\n\n\t\t<\/div>\n\t\t\t\t\t<\/div>\n\n\t\n\n<\/div>\n\n\t\t<\/div>\n\n\t\t\n<style>\n#section_674096768 {\n  padding-top: 60px;\n  padding-bottom: 60px;\n  min-height: 300px;\n  background-color: rgb(245, 245, 245);\n}\n#section_674096768 .section-bg-overlay {\n  background-color: rgba(49, 51, 61, 0.8);\n}\n#section_674096768 .section-bg img {\n  object-position: 100% 51%;\n}\n<\/style>\n\t<\/section>","protected":false},"excerpt":{"rendered":"","protected":false},"author":1,"featured_media":0,"parent":0,"menu_order":0,"comment_status":"closed","ping_status":"closed","template":"page-blank.php","meta":{"_acf_changed":false,"footnotes":""},"class_list":["post-40","page","type-page","status-publish","hentry"],"acf":[],"_links":{"self":[{"href":"https:\/\/nsprlaw.com\/es\/wp-json\/wp\/v2\/pages\/40","targetHints":{"allow":["GET"]}}],"collection":[{"href":"https:\/\/nsprlaw.com\/es\/wp-json\/wp\/v2\/pages"}],"about":[{"href":"https:\/\/nsprlaw.com\/es\/wp-json\/wp\/v2\/types\/page"}],"author":[{"embeddable":true,"href":"https:\/\/nsprlaw.com\/es\/wp-json\/wp\/v2\/users\/1"}],"replies":[{"embeddable":true,"href":"https:\/\/nsprlaw.com\/es\/wp-json\/wp\/v2\/comments?post=40"}],"version-history":[{"count":0,"href":"https:\/\/nsprlaw.com\/es\/wp-json\/wp\/v2\/pages\/40\/revisions"}],"wp:attachment":[{"href":"https:\/\/nsprlaw.com\/es\/wp-json\/wp\/v2\/media?parent=40"}],"curies":[{"name":"gracias","href":"https:\/\/api.w.org\/{rel}","templated":true}]}}